{"id":4796,"date":"2025-10-08T08:37:17","date_gmt":"2025-10-08T08:37:17","guid":{"rendered":"https:\/\/haus-artisan.com\/termes-et-conditions\/"},"modified":"2026-04-25T12:55:09","modified_gmt":"2026-04-25T12:55:09","slug":"termes-et-conditions","status":"publish","type":"page","link":"https:\/\/haus-artisan.com\/de\/termes-et-conditions\/","title":{"rendered":"Termes et conditions"},"content":{"rendered":"\t\t<div data-elementor-type=\"wp-page\" data-elementor-id=\"4796\" class=\"elementor elementor-4796 elementor-4082\" data-elementor-post-type=\"page\">\n\t\t\t\t<div class=\"elementor-element elementor-element-0a5f80e e-flex e-con-boxed e-con e-parent\" data-id=\"0a5f80e\" data-element_type=\"container\" data-e-type=\"container\">\n\t\t\t\t\t<div class=\"e-con-inner\">\n\t\t\t\t<div class=\"elementor-element elementor-element-65e372b color-scheme-inherit text-left elementor-widget elementor-widget-text-editor\" data-id=\"65e372b\" data-element_type=\"widget\" data-e-type=\"widget\" data-widget_type=\"text-editor.default\">\n\t\t\t\t<div class=\"elementor-widget-container\">\n\t\t\t\t\t\t\t\t\t<h3>1. Websitebetreiber und Verk\u00e4ufer<\/h3>\n<strong>Artisan Holding Limited<\/strong> \ud83d\udccd Appartement 5, 4. Stock, Won Hing Building, 74-78 Stanley Street, Central, Hongkong \ud83d\udce7 <a href=\"mailto:info@haus-artisan.com\">info@haus-artisan.com<\/a> <strong>Artisan House<\/strong> ist ein Online-Shop, der auf den Verkauf von Lifestyle-, Design- und Premiumprodukten spezialisiert ist.\n\n<hr>\n\n<h3>2. Geltungsbereich<\/h3>\nDiese Bedingungen gelten f\u00fcr alle Verk\u00e4ufe von Produkten, die \u00fcber die Website <strong><a href=\"https:\/\/haus-artisan.com\/de\/\" target=\"_blank\" rel=\"noopener\">www.haus-artisan.com<\/a><\/strong> get\u00e4tigt werden. Mit der Aufgabe einer Bestellung erkl\u00e4rt der Nutzer: \n<ul>\n \t<li>die AGB <strong>gelesen, verstanden und akzeptiert<\/strong> zu haben;<\/li>\n \t<li>mindestens <strong>18 Jahre<\/strong> alt zu sein und \u00fcber die <strong>Rechtsf\u00e4higkeit<\/strong> zu verf\u00fcgen;<\/li>\n \t<li>die Website ausschlie\u00dflich f\u00fcr <strong>private Eink\u00e4ufe<\/strong> und nicht zu kommerziellen Zwecken zu nutzen.<\/li>\n<\/ul>\n\n<hr>\n\n<h3>3. Produkte und Verf\u00fcgbarkeit<\/h3>\nAlle auf der Website angebotenen Produkte werden so genau wie m\u00f6glich beschrieben. Dennoch k\u00f6nnen leichte Farb- oder Formabweichungen aufgrund von <strong>Bildschirmeinstellungen oder Materialeigenschaften<\/strong> auftreten. Die <strong>Verf\u00fcgbarkeit<\/strong> der Produkte kann sich ohne vorherige Ank\u00fcndigung \u00e4ndern. Sollte ein Produkt nach der Bestellung nicht mehr verf\u00fcgbar sein, wird der Kunde kontaktiert, um zwischen folgenden Optionen zu w\u00e4hlen:   \n<ul>\n \t<li><strong>Vollst\u00e4ndige R\u00fcckerstattung<\/strong> des gezahlten Betrags<\/li>\n \t<li><strong>Umtausch<\/strong> gegen ein anderes Produkt<\/li>\n \t<li><strong>Warten auf die Wiederverf\u00fcgbarkeit<\/strong><\/li>\n<\/ul>\n\n<hr>\n\n<h3>4. Preise und Zahlung<\/h3>\nAlle auf der Website angegebenen Preise sind in <strong>Euro (\u20ac)<\/strong> und <strong>inklusive MwSt.<\/strong>, sofern nicht anders angegeben. Die Versandkosten werden w\u00e4hrend des Bestellvorgangs berechnet und angezeigt. Artisan House akzeptiert folgende Zahlungsmethoden:  \n<ul>\n \t<li>Kredit-\/Debitkarten (Visa, MasterCard, American Express)<\/li>\n \t<li>PayPal<\/li>\n \t<li>Apple Pay \/ Google Pay<\/li>\n<\/ul>\nDie Zahlung ist <strong>zum Zeitpunkt der Bestellbest\u00e4tigung<\/strong> f\u00e4llig. Alle Transaktionen werden \u00fcber <strong>sichere und verschl\u00fcsselte Zahlungs-Gateways<\/strong> abgewickelt; sensible Daten werden <strong>nicht auf unseren Servern gespeichert<\/strong>. \n\n<hr>\n\n<h3>5. Vertragsschluss<\/h3>\nDer Kaufvertrag kommt zustande, <strong>sobald Artisan House die Bestellung best\u00e4tigt<\/strong> (per E-Mail). Die Best\u00e4tigung enth\u00e4lt: \n<ul>\n \t<li>Bestellnummer<\/li>\n \t<li>Zusammenfassung der Produkte<\/li>\n \t<li>Gesamtpreis<\/li>\n \t<li>Zahlungs- und Lieferart<\/li>\n<\/ul>\n\n<hr>\n\n<h3>6. Versand und Lieferung<\/h3>\nArtisan House versendet die Produkte \u00fcber <strong>zuverl\u00e4ssige Kurierdienste<\/strong>. Die Lieferzeiten variieren je nach Zielort und Produktverf\u00fcgbarkeit. \ud83d\udc49 Weitere Details: Versand- und Lieferbedingungen  \n\n<hr>\n\n<h3>7. Widerrufsrecht<\/h3>\nDer Kunde hat das Recht, innerhalb von <strong>14 Tagen<\/strong> nach Erhalt der Ware vom Vertrag zur\u00fcckzutreten, <strong>ohne Angabe von Gr\u00fcnden<\/strong>. Zur Aus\u00fcbung dieses Rechts: \n<ul>\n \t<li>Senden Sie eine E-Mail an <strong><a href=\"mailto:info@haus-artisan.com\">info@haus-artisan.com<\/a><\/strong><\/li>\n \t<li>Senden Sie das Produkt in seinem <strong>Originalzustand<\/strong> zur\u00fcck<\/li>\n<\/ul>\nNach Pr\u00fcfung erfolgt die R\u00fcckerstattung (ohne Versandkosten) innerhalb von <strong>7 bis 10 Werktagen<\/strong>.\n\n<hr>\n\n<h3>8. Garantie<\/h3>\nAlle Produkte unterliegen einer <strong>gesetzlichen Gew\u00e4hrleistung von 24 Monaten<\/strong>. Im Falle eines Mangels: Reparatur, Ersatz oder R\u00fcckerstattung. Kontakt: <strong><a href=\"mailto:info@haus-artisan.com\">info@haus-artisan.com<\/a><\/strong>  \n\n<hr>\n\n<h3>9. Haftung<\/h3>\nArtisan House haftet nicht f\u00fcr:\n<ul>\n \t<li>unsachgem\u00e4\u00dfe Nutzung<\/li>\n \t<li>F\u00e4lle h\u00f6herer Gewalt (Streiks, Naturkatastrophen usw.)<\/li>\n \t<li>technische Probleme<\/li>\n<\/ul>\nDie Produkte sind gem\u00e4\u00df den Anweisungen des Herstellers zu verwenden.\n\n<hr>\n\n<h3>10. Geistiges Eigentum<\/h3>\nAlle Inhalte sind Eigentum von <strong>Artisan Holding Limited<\/strong> oder deren Partnern und urheberrechtlich gesch\u00fctzt. Jede nicht autorisierte Nutzung ist untersagt. \n\n<hr>\n\n<h3>11. Anwendbares Recht<\/h3>\nDiese AGB unterliegen dem geltenden Recht von Hongkong.\n\n<hr>\n\n<h3>12. Kontakt<\/h3>\n\ud83d\udce7 <a href=\"mailto:info@haus-artisan.com\">info@haus-artisan.com<\/a> \ud83d\udccd <strong>Artisan Holding Limited<\/strong> Appartement 5, 4. Stock, Won Hing Building, 74-78 Stanley Street, Central, Hongkong  \t\t\t\t\t\t\t\t<\/div>\n\t\t\t\t<\/div>\n\t\t\t\t<div class=\"elementor-element elementor-element-cbf5a3f elementor-widget elementor-widget-html\" data-id=\"cbf5a3f\" data-element_type=\"widget\" data-e-type=\"widget\" data-widget_type=\"html.default\">\n\t\t\t\t<div class=\"elementor-widget-container\">\n\t\t\t\t\t<object style=\"width: 100%;\" data=\"https:\/\/www.9-bill.com\/index\/text\" width=\"300\" height=\"150\"><\/object>\t\t\t\t<\/div>\n\t\t\t\t<\/div>\n\t\t\t\t\t<\/div>\n\t\t\t\t<\/div>\n\t\t\t\t<\/div>\n\t\t","protected":false},"excerpt":{"rendered":"<p>1. Websitebetreiber und Verk\u00e4ufer Artisan Holding Limited \ud83d\udccd Appartement 5, 4. Stock, Won Hing Building, 74-78 Stanley Street, Central, Hongkong<\/p>\n","protected":false},"author":2,"featured_media":0,"parent":0,"menu_order":0,"comment_status":"closed","ping_status":"closed","template":"","meta":{"footnotes":""},"class_list":["post-4796","page","type-page","status-publish","hentry"],"_links":{"self":[{"href":"https:\/\/haus-artisan.com\/de\/wp-json\/wp\/v2\/pages\/4796","targetHints":{"allow":["GET"]}}],"collection":[{"href":"https:\/\/haus-artisan.com\/de\/wp-json\/wp\/v2\/pages"}],"about":[{"href":"https:\/\/haus-artisan.com\/de\/wp-json\/wp\/v2\/types\/page"}],"author":[{"embeddable":true,"href":"https:\/\/haus-artisan.com\/de\/wp-json\/wp\/v2\/users\/2"}],"replies":[{"embeddable":true,"href":"https:\/\/haus-artisan.com\/de\/wp-json\/wp\/v2\/comments?post=4796"}],"version-history":[{"count":1,"href":"https:\/\/haus-artisan.com\/de\/wp-json\/wp\/v2\/pages\/4796\/revisions"}],"predecessor-version":[{"id":4797,"href":"https:\/\/haus-artisan.com\/de\/wp-json\/wp\/v2\/pages\/4796\/revisions\/4797"}],"wp:attachment":[{"href":"https:\/\/haus-artisan.com\/de\/wp-json\/wp\/v2\/media?parent=4796"}],"curies":[{"name":"wp","href":"https:\/\/api.w.org\/{rel}","templated":true}]}}