{"id":4715,"date":"2025-10-08T08:21:51","date_gmt":"2025-10-08T08:21:51","guid":{"rendered":"https:\/\/haus-artisan.com\/datenschutzerklaerung\/"},"modified":"2026-04-25T11:49:11","modified_gmt":"2026-04-25T11:49:11","slug":"datenschutzerklaerung","status":"publish","type":"page","link":"https:\/\/haus-artisan.com\/de\/datenschutzerklaerung\/","title":{"rendered":"Datenschutzerkl\u00e4rung"},"content":{"rendered":"\t\t<div data-elementor-type=\"wp-page\" data-elementor-id=\"4715\" class=\"elementor elementor-4715 elementor-4076\" data-elementor-post-type=\"page\">\n\t\t\t\t<div class=\"elementor-element elementor-element-0a05ae7 e-flex e-con-boxed e-con e-parent\" data-id=\"0a05ae7\" data-element_type=\"container\" data-e-type=\"container\">\n\t\t\t\t\t<div class=\"e-con-inner\">\n\t\t\t\t<div class=\"elementor-element elementor-element-36916bd color-scheme-inherit text-left elementor-widget elementor-widget-text-editor\" data-id=\"36916bd\" data-element_type=\"widget\" data-e-type=\"widget\" data-widget_type=\"text-editor.default\">\n\t\t\t\t<div class=\"elementor-widget-container\">\n\t\t\t\t\t\t\t\t\t<p>\nDiese Datenschutzerkl\u00e4rung beschreibt, wie <strong>Artisan Holding Limited<\/strong> personenbezogene Daten von Nutzern, die die Website\n<strong><a href=\"https:\/\/haus-artisan.com\/de\/\" target=\"_blank\" rel=\"noopener\">www.haus-artisan.com<\/a><\/strong> besuchen oder Eink\u00e4ufe t\u00e4tigen, erhebt, verwendet, speichert und sch\u00fctzt.\nUnsere Priorit\u00e4t ist es, die Transparenz, Sicherheit und den Schutz der Privatsph\u00e4re jedes Kunden zu gew\u00e4hrleisten.\n<\/p>\n\n<hr>\n\n<h3>1. Verantwortlicher f\u00fcr die Datenverarbeitung<\/h3>\n<strong>Artisan Holding Limited<\/strong><br>\ud83d\udccd Apartment 5, 4th Floor, Won Hing Building, 74-78 Stanley Street, Central Hong Kong<br>\ud83d\udce7 <a href=\"mailto:info@haus-artisan.com\">info@haus-artisan.com<\/a>\n\n<p>\nDer Verantwortliche ist f\u00fcr die Verwaltung und den Schutz der \u00fcber die Website erhobenen personenbezogenen Daten zust\u00e4ndig.\n<\/p>\n\n<hr>\n\n<h3>2. Art der erhobenen Daten<\/h3>\n<p>\nBeim Besuch oder Kauf k\u00f6nnen folgende Daten erhoben werden:\n<\/p>\n\n<strong>a. Identifikations- und Kontaktdaten: <\/strong>\n<ul>\n \t<li>Vor- und Nachname<\/li>\n \t<li>Liefer- und Rechnungsadresse<\/li>\n \t<li>E-Mail-Adresse<\/li>\n \t<li>Telefonnummer<\/li>\n<\/ul>\n\n<strong>b. Zahlungsdaten: <\/strong>\n<p>\nZahlungsdaten (z. B. Karten- oder PayPal-Informationen) werden ausschlie\u00dflich \u00fcber sichere Dienstleister verarbeitet.<br><strong>Wir speichern keine sensiblen Zahlungsdaten.<\/strong>\n<\/p>\n\n<strong>c. Nutzungsdaten: <\/strong>\n<ul>\n \t<li>IP-Adresse<\/li>\n \t<li>Browser und Ger\u00e4t<\/li>\n \t<li>Zugriffszeit<\/li>\n \t<li>Besuchte Seiten<\/li>\n<\/ul>\n<p>\nDiese Daten werden anonym zu statistischen Zwecken und zur Optimierung der Website verwendet.\n<\/p>\n\n<strong>d. Cookies: <\/strong>\n<p>\nWir verwenden Cookies, um die Benutzererfahrung zu verbessern.\nWeitere Informationen finden Sie in unserer Cookie-Richtlinie.\n<\/p>\n\n<hr>\n\n<h3>3. Zweck der Datenverarbeitung<\/h3>\n<ul>\n \t<li>Bearbeitung und Versand von Bestellungen<\/li>\n \t<li>Kommunikation bez\u00fcglich Bestellungen und Lieferungen<\/li>\n \t<li>Kundenservice<\/li>\n \t<li>Einhaltung gesetzlicher Verpflichtungen<\/li>\n \t<li>Marketing (nur mit Einwilligung)<\/li>\n \t<li>Analyse und Verbesserung unserer Dienstleistungen<\/li>\n<\/ul>\n\n<hr>\n\n<h3>4. Rechtsgrundlage<\/h3>\n<ul>\n \t<li><strong>Vertragserf\u00fcllung<\/strong><\/li>\n \t<li><strong>Gesetzliche Verpflichtung<\/strong><\/li>\n \t<li><strong>Einwilligung<\/strong><\/li>\n \t<li><strong>Berechtigtes Interesse<\/strong><\/li>\n<\/ul>\n\n<hr>\n\n<h3>5. Datenspeicherung<\/h3>\n<ul>\n \t<li>Bestelldaten: bis zu 10 Jahre<\/li>\n \t<li>Marketingdaten: bis zum Widerruf der Einwilligung<\/li>\n \t<li>Technische Daten: maximal 12 Monate<\/li>\n<\/ul>\n<p>\nNach Ablauf werden die Daten gel\u00f6scht oder anonymisiert.\n<\/p>\n\n<hr>\n\n<h3>6. Datensicherheit<\/h3>\n<p>\n<strong>Artisan Holding Limited<\/strong> implementiert geeignete Sicherheitsma\u00dfnahmen, um:\n<\/p>\n<ul>\n \t<li>unbefugten Zugriff zu verhindern<\/li>\n \t<li>Datenverlust zu vermeiden<\/li>\n \t<li>Missbrauch vorzubeugen<\/li>\n<\/ul>\n\n<hr>\n\n<h3>7. Daten\u00fcbermittlung ins Ausland<\/h3>\n<p>\nDaten k\u00f6nnen au\u00dferhalb der EU verarbeitet werden (z. B. international).\nDies erfolgt gem\u00e4\u00df DSGVO mit geeigneten Schutzma\u00dfnahmen.\n<\/p>\n\n<hr>\n\n<h3>8. Rechte der Nutzer<\/h3>\n<ul>\n \t<li>Auskunft (Art. 15)<\/li>\n \t<li>Berichtigung (Art. 16)<\/li>\n \t<li>L\u00f6schung (Art. 17)<\/li>\n \t<li>Einschr\u00e4nkung der Verarbeitung (Art. 18)<\/li>\n \t<li>Daten\u00fcbertragbarkeit (Art. 20)<\/li>\n \t<li>Widerspruch (Art. 21)<\/li>\n \t<li>Widerruf der Einwilligung<\/li>\n<\/ul>\n<p>\nKontakt zur Aus\u00fcbung Ihrer Rechte:<br>\ud83d\udce7 <a href=\"mailto:info@haus-artisan.com\">info@haus-artisan.com<\/a>\n<\/p>\n\n<hr>\n\n<h3>9. Beschwerden<\/h3>\n<p>\nNutzer k\u00f6nnen eine Beschwerde bei der zust\u00e4ndigen Datenschutzbeh\u00f6rde einreichen.\n<\/p>\n\n<hr>\n\n<h3>10. \u00c4nderungen dieser Datenschutzerkl\u00e4rung<\/h3>\n<p>\nDiese Richtlinie kann jederzeit aktualisiert werden.\nDie aktuelle Version ist verf\u00fcgbar unter:\n<strong><a href=\"https:\/\/haus-artisan.com\/de\/\" target=\"_blank\" rel=\"noopener\">www.haus-artisan.com<\/a><\/strong>\n<\/p>\n\n<p>\n\ud83d\udccd <strong>Verantwortlicher:<\/strong><br>Artisan Holding Limited<br>Apartment 5, 4th Floor, Won Hing Building, 74-78 Stanley Street, Central Hong Kong<br>\ud83d\udce7 <a href=\"mailto:info@haus-artisan.com\">info@haus-artisan.com<\/a>\n<\/p>\n\n<\/section>\t\t\t\t\t\t\t\t<\/div>\n\t\t\t\t<\/div>\n\t\t\t\t\t<\/div>\n\t\t\t\t<\/div>\n\t\t\t\t<\/div>\n\t\t","protected":false},"excerpt":{"rendered":"<p>Diese Datenschutzerkl\u00e4rung beschreibt, wie Artisan Holding Limited personenbezogene Daten von Nutzern, die die Website www.haus-artisan.com besuchen oder Eink\u00e4ufe t\u00e4tigen, erhebt,<\/p>\n","protected":false},"author":2,"featured_media":0,"parent":0,"menu_order":0,"comment_status":"closed","ping_status":"closed","template":"","meta":{"footnotes":""},"class_list":["post-4715","page","type-page","status-publish","hentry"],"_links":{"self":[{"href":"https:\/\/haus-artisan.com\/de\/wp-json\/wp\/v2\/pages\/4715","targetHints":{"allow":["GET"]}}],"collection":[{"href":"https:\/\/haus-artisan.com\/de\/wp-json\/wp\/v2\/pages"}],"about":[{"href":"https:\/\/haus-artisan.com\/de\/wp-json\/wp\/v2\/types\/page"}],"author":[{"embeddable":true,"href":"https:\/\/haus-artisan.com\/de\/wp-json\/wp\/v2\/users\/2"}],"replies":[{"embeddable":true,"href":"https:\/\/haus-artisan.com\/de\/wp-json\/wp\/v2\/comments?post=4715"}],"version-history":[{"count":1,"href":"https:\/\/haus-artisan.com\/de\/wp-json\/wp\/v2\/pages\/4715\/revisions"}],"predecessor-version":[{"id":4716,"href":"https:\/\/haus-artisan.com\/de\/wp-json\/wp\/v2\/pages\/4715\/revisions\/4716"}],"wp:attachment":[{"href":"https:\/\/haus-artisan.com\/de\/wp-json\/wp\/v2\/media?parent=4715"}],"curies":[{"name":"wp","href":"https:\/\/api.w.org\/{rel}","templated":true}]}}