{"id":4690,"date":"2025-06-26T09:43:30","date_gmt":"2025-06-26T09:43:30","guid":{"rendered":"https:\/\/haus-artisan.com\/ueber-uns\/"},"modified":"2026-04-25T11:42:28","modified_gmt":"2026-04-25T11:42:28","slug":"ueber-uns","status":"publish","type":"page","link":"https:\/\/haus-artisan.com\/de\/ueber-uns\/","title":{"rendered":"\u00dcber uns"},"content":{"rendered":"\t\t<div data-elementor-type=\"wp-page\" data-elementor-id=\"4690\" class=\"elementor elementor-4690 elementor-1437\" data-elementor-post-type=\"page\">\n\t\t\t\t<div class=\"elementor-element elementor-element-d0bfe8c e-flex e-con-boxed e-con e-parent\" data-id=\"d0bfe8c\" data-element_type=\"container\" data-e-type=\"container\">\n\t\t\t\t\t<div class=\"e-con-inner\">\n\t\t<div class=\"elementor-element elementor-element-14c1fb4 e-con-full e-flex e-con e-child\" data-id=\"14c1fb4\" data-element_type=\"container\" data-e-type=\"container\">\n\t\t\t\t<div class=\"elementor-element elementor-element-44964b9 elementor-widget elementor-widget-heading\" data-id=\"44964b9\" data-element_type=\"widget\" data-e-type=\"widget\" data-widget_type=\"heading.default\">\n\t\t\t\t<div class=\"elementor-widget-container\">\n\t\t\t\t\t<h2 class=\"elementor-heading-title elementor-size-default\">Stil beginnt bei Ihren F\u00fc\u00dfen.\n\nUnd Komfort ist kein Luxus, sondern Standard.<\/h2>\t\t\t\t<\/div>\n\t\t\t\t<\/div>\n\t\t\t\t<div class=\"elementor-element elementor-element-b09ed14 color-scheme-inherit text-left elementor-widget elementor-widget-text-editor\" data-id=\"b09ed14\" data-element_type=\"widget\" data-e-type=\"widget\" data-widget_type=\"text-editor.default\">\n\t\t\t\t<div class=\"elementor-widget-container\">\n\t\t\t\t\t\t\t\t\t<p>Stil beginnt bei Ihren F\u00fc\u00dfen.<\/p><p>Willkommen in einer Welt, in der die Schuhwahl mit Sorgfalt, Leidenschaft und Anspruch getroffen wird.<\/p><p>Wir sind weit mehr als nur ein Online-Shop: Wir sind eine Community von Menschen, die die entscheidende Bedeutung guter Schuhe f\u00fcr Selbstvertrauen, Bewegungsfreiheit und t\u00e4gliches Wohlbefinden verstehen.<\/p><p>Ob f\u00fcr den Alltag, die Arbeit oder besondere Anl\u00e4sse \u2013 unsere Schuhe sind daf\u00fcr gemacht, Sie zuverl\u00e4ssig und komfortabel zu begleiten.<\/p>\t\t\t\t\t\t\t\t<\/div>\n\t\t\t\t<\/div>\n\t\t\t\t<\/div>\n\t\t<div class=\"elementor-element elementor-element-e1c9ce4 e-con-full e-flex e-con e-child\" data-id=\"e1c9ce4\" data-element_type=\"container\" data-e-type=\"container\" data-settings=\"{&quot;background_background&quot;:&quot;classic&quot;}\">\n\t\t\t\t<div class=\"elementor-element elementor-element-82e9c88 elementor-widget elementor-widget-image\" data-id=\"82e9c88\" data-element_type=\"widget\" data-e-type=\"widget\" data-widget_type=\"image.default\">\n\t\t\t\t<div class=\"elementor-widget-container\">\n\t\t\t\t\t\t\t\t\t\t\t\t\t\t\t<img fetchpriority=\"high\" decoding=\"async\" width=\"1024\" height=\"1024\" src=\"https:\/\/haus-artisan.com\/wp-content\/uploads\/2026\/01\/pexels-lappen-fashion-2754326-4296075-1024x1024.jpg\" class=\"attachment-large size-large wp-image-4688\" alt=\"\" srcset=\"https:\/\/haus-artisan.com\/wp-content\/uploads\/2026\/01\/pexels-lappen-fashion-2754326-4296075-1024x1024.jpg 1024w, https:\/\/haus-artisan.com\/wp-content\/uploads\/2026\/01\/pexels-lappen-fashion-2754326-4296075-300x300.jpg 300w, https:\/\/haus-artisan.com\/wp-content\/uploads\/2026\/01\/pexels-lappen-fashion-2754326-4296075-150x150.jpg 150w, https:\/\/haus-artisan.com\/wp-content\/uploads\/2026\/01\/pexels-lappen-fashion-2754326-4296075-768x768.jpg 768w, https:\/\/haus-artisan.com\/wp-content\/uploads\/2026\/01\/pexels-lappen-fashion-2754326-4296075-1536x1536.jpg 1536w, https:\/\/haus-artisan.com\/wp-content\/uploads\/2026\/01\/pexels-lappen-fashion-2754326-4296075-2048x2048.jpg 2048w, https:\/\/haus-artisan.com\/wp-content\/uploads\/2026\/01\/pexels-lappen-fashion-2754326-4296075-600x600.jpg 600w\" sizes=\"(max-width: 1024px) 100vw, 1024px\" \/>\t\t\t\t\t\t\t\t\t\t\t\t\t\t\t<\/div>\n\t\t\t\t<\/div>\n\t\t\t\t<\/div>\n\t\t\t\t\t<\/div>\n\t\t\t\t<\/div>\n\t\t<div class=\"elementor-element elementor-element-261a30a e-flex e-con-boxed e-con e-parent\" data-id=\"261a30a\" data-element_type=\"container\" data-e-type=\"container\">\n\t\t\t\t\t<div class=\"e-con-inner\">\n\t\t<div class=\"elementor-element elementor-element-2a2037d e-con-full e-flex e-con e-child\" data-id=\"2a2037d\" data-element_type=\"container\" data-e-type=\"container\" data-settings=\"{&quot;background_background&quot;:&quot;classic&quot;}\">\n\t\t\t\t<div class=\"elementor-element elementor-element-44c9d33 elementor-widget elementor-widget-image\" data-id=\"44c9d33\" data-element_type=\"widget\" data-e-type=\"widget\" data-widget_type=\"image.default\">\n\t\t\t\t<div class=\"elementor-widget-container\">\n\t\t\t\t\t\t\t\t\t\t\t\t\t\t\t<img decoding=\"async\" width=\"1024\" height=\"1024\" src=\"https:\/\/haus-artisan.com\/wp-content\/uploads\/2026\/01\/pexels-alokkd1-32644170-1024x1024.jpg\" class=\"attachment-large size-large wp-image-4689\" alt=\"\" srcset=\"https:\/\/haus-artisan.com\/wp-content\/uploads\/2026\/01\/pexels-alokkd1-32644170-1024x1024.jpg 1024w, https:\/\/haus-artisan.com\/wp-content\/uploads\/2026\/01\/pexels-alokkd1-32644170-300x300.jpg 300w, https:\/\/haus-artisan.com\/wp-content\/uploads\/2026\/01\/pexels-alokkd1-32644170-150x150.jpg 150w, https:\/\/haus-artisan.com\/wp-content\/uploads\/2026\/01\/pexels-alokkd1-32644170-768x768.jpg 768w, https:\/\/haus-artisan.com\/wp-content\/uploads\/2026\/01\/pexels-alokkd1-32644170-1536x1536.jpg 1536w, https:\/\/haus-artisan.com\/wp-content\/uploads\/2026\/01\/pexels-alokkd1-32644170-2048x2048.jpg 2048w, https:\/\/haus-artisan.com\/wp-content\/uploads\/2026\/01\/pexels-alokkd1-32644170-600x600.jpg 600w\" sizes=\"(max-width: 1024px) 100vw, 1024px\" \/>\t\t\t\t\t\t\t\t\t\t\t\t\t\t\t<\/div>\n\t\t\t\t<\/div>\n\t\t\t\t<\/div>\n\t\t<div class=\"elementor-element elementor-element-5ec98f1 e-con-full e-flex e-con e-child\" data-id=\"5ec98f1\" data-element_type=\"container\" data-e-type=\"container\">\n\t\t\t\t<div class=\"elementor-element elementor-element-e517a13 elementor-widget elementor-widget-heading\" data-id=\"e517a13\" data-element_type=\"widget\" data-e-type=\"widget\" data-widget_type=\"heading.default\">\n\t\t\t\t<div class=\"elementor-widget-container\">\n\t\t\t\t\t<h2 class=\"elementor-heading-title elementor-size-default\">Unsere Geschichte<\/h2>\t\t\t\t<\/div>\n\t\t\t\t<\/div>\n\t\t\t\t<div class=\"elementor-element elementor-element-213f0b3 color-scheme-inherit text-left elementor-widget elementor-widget-text-editor\" data-id=\"213f0b3\" data-element_type=\"widget\" data-e-type=\"widget\" data-widget_type=\"text-editor.default\">\n\t\t\t\t<div class=\"elementor-widget-container\">\n\t\t\t\t\t\t\t\t\t<p>Alles begann mit einer einfachen Idee:<br>hochwertige Schuhe f\u00fcr alle zug\u00e4nglich zu machen \u2013 ohne Kompromisse bei Komfort, Stil und Qualit\u00e4t.<\/p><p>Hinter jedem Produkt steht ein engagiertes Team, getragen von echter Leidenschaft f\u00fcr Schuhe. Menschen, die den Unterschied kennen zwischen gew\u00f6hnlichen Schuhen und Modellen, die man den ganzen Tag gern tr\u00e4gt. Zwischen kurzlebigen Trends und zeitlosem Design.  <\/p><p>Unser Unternehmen ist international t\u00e4tig und spezialisiert sich auf die sorgf\u00e4ltige Auswahl und den Vertrieb hochwertiger Schuhe, die zu modernen Lebensstilen passen.<br>Wir verbinden funktionales Design, hochwertige Materialien und faire Preise \u2013 damit Sie sich bei jedem Schritt sicher und wohl f\u00fchlen.<\/p>\t\t\t\t\t\t\t\t<\/div>\n\t\t\t\t<\/div>\n\t\t\t\t<\/div>\n\t\t\t\t\t<\/div>\n\t\t\t\t<\/div>\n\t\t\t\t<\/div>\n\t\t","protected":false},"excerpt":{"rendered":"<p>Stil beginnt bei Ihren F\u00fc\u00dfen. Und Komfort ist kein Luxus, sondern Standard. Stil beginnt bei Ihren F\u00fc\u00dfen. Willkommen in einer<\/p>\n","protected":false},"author":2,"featured_media":0,"parent":0,"menu_order":0,"comment_status":"closed","ping_status":"closed","template":"elementor_header_footer","meta":{"footnotes":""},"class_list":["post-4690","page","type-page","status-publish","hentry"],"_links":{"self":[{"href":"https:\/\/haus-artisan.com\/de\/wp-json\/wp\/v2\/pages\/4690","targetHints":{"allow":["GET"]}}],"collection":[{"href":"https:\/\/haus-artisan.com\/de\/wp-json\/wp\/v2\/pages"}],"about":[{"href":"https:\/\/haus-artisan.com\/de\/wp-json\/wp\/v2\/types\/page"}],"author":[{"embeddable":true,"href":"https:\/\/haus-artisan.com\/de\/wp-json\/wp\/v2\/users\/2"}],"replies":[{"embeddable":true,"href":"https:\/\/haus-artisan.com\/de\/wp-json\/wp\/v2\/comments?post=4690"}],"version-history":[{"count":1,"href":"https:\/\/haus-artisan.com\/de\/wp-json\/wp\/v2\/pages\/4690\/revisions"}],"predecessor-version":[{"id":4693,"href":"https:\/\/haus-artisan.com\/de\/wp-json\/wp\/v2\/pages\/4690\/revisions\/4693"}],"wp:attachment":[{"href":"https:\/\/haus-artisan.com\/de\/wp-json\/wp\/v2\/media?parent=4690"}],"curies":[{"name":"wp","href":"https:\/\/api.w.org\/{rel}","templated":true}]}}